{"id":135,"date":"2018-03-20T07:49:05","date_gmt":"2018-03-20T06:49:05","guid":{"rendered":"http:\/\/valrafting.com\/wp\/reservation\/"},"modified":"2023-02-27T08:35:51","modified_gmt":"2023-02-27T07:35:51","slug":"buchung","status":"publish","type":"page","link":"https:\/\/valrafting.com\/de\/buchung\/","title":{"rendered":"Wie buche ich?"},"content":{"rendered":"<p>[vc_row][vc_column width=&#8221;1\/6&#8243;][\/vc_column][vc_column width=&#8221;2\/3&#8243;][vc_empty_space][vc_column_text]<\/p>\n<h2>RESIERVERUNG MANAGEMENT<\/h2>\n<p>&nbsp;<\/p>\n<p>Die Webseite <a href=\"http:\/\/www.valrafting.com\">www.valrafting.com<\/a> erm\u00f6glicht Ihnen zwei verschiedene M\u00f6glichkeiten der Reservation:<\/p>\n<p>-Online- Buchung auf jeder Aktivit\u00e4tsseite:<\/p>\n<p>Klicken Sie auf \u201eJetzt buchen und bezahlen\u201c und lassen Sie sich von der internen Planung von Valrafting.com, durch den Prozess leiten.\u00a0 In Echtzeit erfahren Sie, ob wir an Ihrem gew\u00fcnschten Datum noch Kapazit\u00e4ten haben.<\/p>\n<p>-Die Reservierungsanfrage per E-Mail auf jeder Aktivit\u00e4tsseite oder in Kontakt:<\/p>\n<p>Klicken Sie auf \u201eReservation per E-Mail\u201c und f\u00fcllen Sie die erforderlichen Felder des Formulars aus. Die gesammelten Informationen werden intern verarbeitet und Sie werden per E-Mail mit den Angaben zur Aktivierung der Zahlung best\u00e4tigt.<\/p>\n<p>Bei einigen Aktivit\u00e4ten kann die Reservierung nur per E-Mail auf der Webseite erfolgen.<\/p>\n<p>Alle Reservierungen sind auch telefonisch unter der Nummer +4179 385 89 47 m\u00f6glich. Wir nehmen die zur Verwaltung Ihrer Buchung n\u00f6tigen Daten entgegen und senden Ihnen anschliessend eine E-Mail mit allen Informationendokumenten zu Ihrer ausgew\u00e4hlten Aktivit\u00e4t.<\/p>\n<p>Einige Formulare sind am Anreisetag direkt vor Ort auszuf\u00fcllen.<\/p>\n<p><a href=\"https:\/\/valrafting.com\/wp\/wp-content\/uploads\/Fiche-participation_ang_Valrafting_2020.pdf\">Dazu bitten wir Sie ein Schwimmzertifikat beizulegen<\/a>!<\/p>\n<p>&nbsp;<\/p>\n<h2>GESCHENKGUTSCHEINE<\/h2>\n<p>&nbsp;<\/p>\n<p>Sie haben zudem die M\u00f6glichkeit, Geschenkgutscheine mit einer G\u00fcltigkeit von einem Jahr bei uns zu erwerben.<\/p>\n<p>-Kauf von Gutscheinen:<\/p>\n<p>Klicken Sie auf die Seite \u201eGutschein\/ Reservierung\u201c, um die richtige Auswahl zu treffen. Klicken Sie dann auf \u201eAngebot\/Buchen\u201c und lassen Sie sich durch den Kaufprozess leiten.<\/p>\n<p>&nbsp;<\/p>\n<p>-Verwendung (oder Einl\u00f6sung) der Gutscheine:<\/p>\n<p>Sobald Sie Ihren Gutschein verwenden m\u00f6chten, klicken Sie auf \u00abGutschein einl\u00f6sen\u00bb. Notieren Sie sich dann den Code und folgen Sie den Anweisungen, um Ihre Aktivit\u00e4t zu buchen.[\/vc_column_text][\/vc_column][vc_column width=&#8221;1\/6&#8243;][\/vc_column][\/vc_row][vc_row][vc_column]<div data-edgtf_header_style=\"edgtf-light-header\" class=\"vc_row wpb_row vc_row-fluid edgtf-section bluebloc reservationbloc vc_custom_1521614953624 edgtf-content-aligment-center\" style=\"\"><div class=\"clearfix edgtf-full-section-inner\"><div class=\"wpb_column vc_column_container vc_col-sm-12\"><div class=\"vc_column-inner \"><div class=\"wpb_wrapper\">\n        <span class=\"edgtf-section-subtitle \" style=\"text-align:center; color:#ffffff\">Verf\u00fcgbarkeit anzeigen &amp; \n\t\t<\/span>\n\t<div class=\"wpb_text_column wpb_content_element \">\n\t\t<div class=\"wpb_wrapper\">\n\t\t\t<h2>Reservieren Sie Ihre Aktivit\u00e4ten<\/h2>\n\n\t\t<\/div>\n\t<\/div>\n<div class=\"vc_empty_space\" style=\"height: 24px\"><span class=\"vc_empty_space_inner\"><\/span><\/div>\n<div class=\"vc_row wpb_row vc_inner vc_row-fluid edgtf-section edgtf-content-aligment-left\" style=\"\"><div class=\"edgtf-full-section-inner\"><div class=\"wpb_column vc_column_container vc_col-sm-3\"><div class=\"vc_column-inner \"><div class=\"wpb_wrapper\"><\/div><\/div><\/div><div class=\"wpb_column vc_column_container vc_col-sm-3\"><div class=\"vc_column-inner \"><div class=\"wpb_wrapper\"><a href=\"https:\/\/valrafting.com\/de\/geschenkgutschein\/\" target=\"_self\" class=\"edgtf-btn edgtf-btn-huge-full-width edgtf-btn-solid edgtf-btn-icon orangebtn\">\n\t\t\t<span class=\"edgtf-btn-text\">Reservierung online<\/span>\n\t    \t\t<span class=\"edgtf-btn-icon-holder\">\n\t\t\t<i class=\"edgtf-icon-font-awesome fa fa-chevron-circle-right \"><\/i>\t\t<\/span>\n\t<\/a><\/div><\/div><\/div><div class=\"wpb_column vc_column_container vc_col-sm-3\"><div class=\"vc_column-inner \"><div class=\"wpb_wrapper\"><a href=\"https:\/\/valrafting.com\/de\/angebotsanfrage\/\" target=\"_self\" class=\"edgtf-btn edgtf-btn-huge-full-width edgtf-btn-solid edgtf-btn-icon whitebtn\">\n\t\t\t<span class=\"edgtf-btn-text\">Reservierung per E-Mail<\/span>\n\t    \t\t<span class=\"edgtf-btn-icon-holder\">\n\t\t\t<i class=\"edgtf-icon-font-awesome fa fa-chevron-circle-right \"><\/i>\t\t<\/span>\n\t<\/a><\/div><\/div><\/div><div class=\"wpb_column vc_column_container vc_col-sm-3\"><div class=\"vc_column-inner \"><div class=\"wpb_wrapper\"><\/div><\/div><\/div><\/div><\/div><\/div><\/div><\/div><\/div><\/div>[\/vc_column][\/vc_row][vc_row][vc_column]<div data-edgtf-parallax-speed=\"-0.5\" class=\"vc_row wpb_row vc_row-fluid edgtf-section bluebloc boncadeau nopaddingbottom edgtf-content-aligment-left edgtf-parallax-section-holder edgtf-parallax-section-holder-touch-disabled lazyload\" style=\"background-image:inherit; background-position: 50% 24px;\" data-bg-image=\"url(https:\/\/valrafting.com\/wp\/wp-content\/uploads\/blue-plx-bck-2.jpg)\"><div class=\"clearfix edgtf-full-section-inner\"><div class=\"leftpaddingbloc wpb_column vc_column_container vc_col-sm-6\"><div class=\"vc_column-inner vc_custom_1521566410202\"><div class=\"wpb_wrapper\">\n\t<div class=\"wpb_text_column wpb_content_element \">\n\t\t<div class=\"wpb_wrapper\">\n\t\t\t<h2>Geschenkgutscheine<\/h2>\n\n\t\t<\/div>\n\t<\/div>\n\n<span class=\"edgtf-section-subtitle \" style=\"text-align:left; color:#ffffff\">Machen Sie einen geliebten Menschen gl\u00fccklich und geben Sie ihm ein gutes Geschenk.<\/span><div class=\"vc_empty_space\" style=\"height: 24px\"><span class=\"vc_empty_space_inner\"><\/span><\/div>\n\n\t<div class=\"wpb_text_column wpb_content_element \">\n\t\t<div class=\"wpb_wrapper\">\n\t\t\t<p>Unsere Gutscheine sind ein Jahr nach Kaufdatum g\u00fcltig. Sie k\u00f6nnen Ihre Reservation per Telefon oder E-Mail t\u00e4tigen.<\/p>\n<p><a href=\"https:\/\/valrafting.com\/de\/geschenkgutschein\/\" target=\"_self\"><i class=\"fa fa-chevron-circle-right fa-lg\"><\/i> Gutschein kaufen<\/a><\/p>\n\n\t\t<\/div>\n\t<\/div>\n<\/div><\/div><\/div><div class=\"wpb_column vc_column_container vc_col-sm-6\"><div class=\"vc_column-inner \"><div class=\"wpb_wrapper\">\n\t<div class=\"wpb_single_image wpb_content_element vc_align_right\">\n\n\t\t<figure class=\"wpb_wrapper vc_figure\">\n\t\t\t<div class=\"vc_single_image-wrapper vc_box_border_grey\"><img data-src=\"https:\/\/valrafting.com\/wp\/wp-content\/uploads\/bon-cadeau.gif\" class=\"vc_single_image-img attachment-full lazyload\" alt=\"\" width=\"1212\" height=\"723\" src=\"data:image\/gif;base64,R0lGODlhAQABAAAAACH5BAEKAAEALAAAAAABAAEAAAICTAEAOw==\" style=\"--smush-placeholder-width: 1212px; --smush-placeholder-aspect-ratio: 1212\/723;\"><noscript><img src=\"https:\/\/valrafting.com\/wp\/wp-content\/uploads\/bon-cadeau.gif\" class=\"vc_single_image-img attachment-full\" alt=\"\" width=\"1212\" height=\"723\"><\/noscript><\/div>\n\t\t<\/figure>\n\t<\/div>\n<\/div><\/div><\/div><\/div><\/div>[\/vc_column][\/vc_row]<\/p>\n","protected":false},"excerpt":{"rendered":"<p>[vc_row][vc_column width=&#8221;1\/6&#8243;][\/vc_column][vc_column width=&#8221;2\/3&#8243;][vc_empty_space][vc_column_text] RESIERVERUNG MANAGEMENT &nbsp; Die Webseite www.valrafting.com erm\u00f6glicht Ihnen zwei verschiedene M\u00f6glichkeiten der Reservation: -Online- Buchung auf jeder Aktivit\u00e4tsseite: Klicken Sie auf \u201eJetzt buchen und bezahlen\u201c und lassen Sie sich von der internen Planung von Valrafting.com, durch den Prozess leiten.\u00a0 In Echtzeit erfahren&#8230;<\/p>\n","protected":false},"author":1,"featured_media":0,"parent":0,"menu_order":6,"comment_status":"closed","ping_status":"closed","template":"full-width.php","meta":{"_monsterinsights_skip_tracking":false,"_monsterinsights_sitenote_active":false,"_monsterinsights_sitenote_note":"","_monsterinsights_sitenote_category":0},"yoast_head":"<!-- This site is optimized with the Yoast SEO plugin v18.4.1 - https:\/\/yoast.com\/wordpress\/plugins\/seo\/ -->\n<title>Wie buche ich? | Valrafting<\/title>\n<meta name=\"robots\" content=\"index, follow, max-snippet:-1, max-image-preview:large, max-video-preview:-1\" \/>\n<link rel=\"canonical\" href=\"https:\/\/valrafting.com\/de\/buchung\/\" \/>\n<meta property=\"og:locale\" content=\"de_DE\" \/>\n<meta property=\"og:type\" content=\"article\" \/>\n<meta property=\"og:title\" content=\"Wie buche ich? | Valrafting\" \/>\n<meta property=\"og:description\" content=\"[vc_row][vc_column width=&#8221;1\/6&#8243;][\/vc_column][vc_column width=&#8221;2\/3&#8243;][vc_empty_space][vc_column_text] RESIERVERUNG MANAGEMENT &nbsp; Die Webseite www.valrafting.com erm\u00f6glicht Ihnen zwei verschiedene M\u00f6glichkeiten der Reservation: -Online- Buchung auf jeder Aktivit\u00e4tsseite: Klicken Sie auf \u201eJetzt buchen und bezahlen\u201c und lassen Sie sich von der internen Planung von Valrafting.com, durch den Prozess leiten.\u00a0 In Echtzeit erfahren...\" \/>\n<meta property=\"og:url\" content=\"https:\/\/valrafting.com\/de\/buchung\/\" \/>\n<meta property=\"og:site_name\" content=\"Valrafting\" \/>\n<meta property=\"article:publisher\" content=\"https:\/\/www.facebook.com\/Valrafting-129739627083911\/\" \/>\n<meta property=\"article:modified_time\" content=\"2023-02-27T07:35:51+00:00\" \/>\n<meta property=\"og:image\" content=\"https:\/\/valrafting.com\/wp\/wp-content\/uploads\/vr-logo.jpg\" \/>\n\t<meta property=\"og:image:width\" content=\"500\" \/>\n\t<meta property=\"og:image:height\" content=\"302\" \/>\n\t<meta property=\"og:image:type\" content=\"image\/jpeg\" \/>\n<meta name=\"twitter:card\" content=\"summary_large_image\" \/>\n<meta name=\"twitter:label1\" content=\"Gesch\u00e4tzte Lesezeit\" \/>\n\t<meta name=\"twitter:data1\" content=\"2\u00a0Minuten\" \/>\n<script type=\"application\/ld+json\" class=\"yoast-schema-graph\">{\"@context\":\"https:\/\/schema.org\",\"@graph\":[{\"@type\":\"Organization\",\"@id\":\"https:\/\/valrafting.com\/#organization\",\"name\":\"Valrafting\",\"url\":\"https:\/\/valrafting.com\/\",\"sameAs\":[\"https:\/\/www.facebook.com\/Valrafting-129739627083911\/\"],\"logo\":{\"@type\":\"ImageObject\",\"@id\":\"https:\/\/valrafting.com\/#logo\",\"inLanguage\":\"de\",\"url\":\"https:\/\/valrafting.com\/wp\/wp-content\/uploads\/vr-logo.jpg\",\"contentUrl\":\"https:\/\/valrafting.com\/wp\/wp-content\/uploads\/vr-logo.jpg\",\"width\":500,\"height\":302,\"caption\":\"Valrafting\"},\"image\":{\"@id\":\"https:\/\/valrafting.com\/#logo\"}},{\"@type\":\"WebSite\",\"@id\":\"https:\/\/valrafting.com\/#website\",\"url\":\"https:\/\/valrafting.com\/\",\"name\":\"Valrafting\",\"description\":\"Votre sp\u00e9cialiste en tourisme d\u2019aventures\",\"publisher\":{\"@id\":\"https:\/\/valrafting.com\/#organization\"},\"potentialAction\":[{\"@type\":\"SearchAction\",\"target\":{\"@type\":\"EntryPoint\",\"urlTemplate\":\"https:\/\/valrafting.com\/?s={search_term_string}\"},\"query-input\":\"required name=search_term_string\"}],\"inLanguage\":\"de\"},{\"@type\":\"WebPage\",\"@id\":\"https:\/\/valrafting.com\/de\/buchung\/#webpage\",\"url\":\"https:\/\/valrafting.com\/de\/buchung\/\",\"name\":\"Wie buche ich? | Valrafting\",\"isPartOf\":{\"@id\":\"https:\/\/valrafting.com\/#website\"},\"datePublished\":\"2018-03-20T06:49:05+00:00\",\"dateModified\":\"2023-02-27T07:35:51+00:00\",\"breadcrumb\":{\"@id\":\"https:\/\/valrafting.com\/de\/buchung\/#breadcrumb\"},\"inLanguage\":\"de\",\"potentialAction\":[{\"@type\":\"ReadAction\",\"target\":[\"https:\/\/valrafting.com\/de\/buchung\/\"]}]},{\"@type\":\"BreadcrumbList\",\"@id\":\"https:\/\/valrafting.com\/de\/buchung\/#breadcrumb\",\"itemListElement\":[{\"@type\":\"ListItem\",\"position\":1,\"name\":\"Accueil\",\"item\":\"https:\/\/valrafting.com\/de\/\"},{\"@type\":\"ListItem\",\"position\":2,\"name\":\"Wie buche ich?\"}]}]}<\/script>\n<!-- \/ Yoast SEO plugin. -->","yoast_head_json":{"title":"Wie buche ich? | Valrafting","robots":{"index":"index","follow":"follow","max-snippet":"max-snippet:-1","max-image-preview":"max-image-preview:large","max-video-preview":"max-video-preview:-1"},"canonical":"https:\/\/valrafting.com\/de\/buchung\/","og_locale":"de_DE","og_type":"article","og_title":"Wie buche ich? | Valrafting","og_description":"[vc_row][vc_column width=&#8221;1\/6&#8243;][\/vc_column][vc_column width=&#8221;2\/3&#8243;][vc_empty_space][vc_column_text] RESIERVERUNG MANAGEMENT &nbsp; Die Webseite www.valrafting.com erm\u00f6glicht Ihnen zwei verschiedene M\u00f6glichkeiten der Reservation: -Online- Buchung auf jeder Aktivit\u00e4tsseite: Klicken Sie auf \u201eJetzt buchen und bezahlen\u201c und lassen Sie sich von der internen Planung von Valrafting.com, durch den Prozess leiten.\u00a0 In Echtzeit erfahren...","og_url":"https:\/\/valrafting.com\/de\/buchung\/","og_site_name":"Valrafting","article_publisher":"https:\/\/www.facebook.com\/Valrafting-129739627083911\/","article_modified_time":"2023-02-27T07:35:51+00:00","og_image":[{"width":500,"height":302,"url":"https:\/\/valrafting.com\/wp\/wp-content\/uploads\/vr-logo.jpg","type":"image\/jpeg"}],"twitter_card":"summary_large_image","twitter_misc":{"Gesch\u00e4tzte Lesezeit":"2\u00a0Minuten"},"schema":{"@context":"https:\/\/schema.org","@graph":[{"@type":"Organization","@id":"https:\/\/valrafting.com\/#organization","name":"Valrafting","url":"https:\/\/valrafting.com\/","sameAs":["https:\/\/www.facebook.com\/Valrafting-129739627083911\/"],"logo":{"@type":"ImageObject","@id":"https:\/\/valrafting.com\/#logo","inLanguage":"de","url":"https:\/\/valrafting.com\/wp\/wp-content\/uploads\/vr-logo.jpg","contentUrl":"https:\/\/valrafting.com\/wp\/wp-content\/uploads\/vr-logo.jpg","width":500,"height":302,"caption":"Valrafting"},"image":{"@id":"https:\/\/valrafting.com\/#logo"}},{"@type":"WebSite","@id":"https:\/\/valrafting.com\/#website","url":"https:\/\/valrafting.com\/","name":"Valrafting","description":"Votre sp\u00e9cialiste en tourisme d\u2019aventures","publisher":{"@id":"https:\/\/valrafting.com\/#organization"},"potentialAction":[{"@type":"SearchAction","target":{"@type":"EntryPoint","urlTemplate":"https:\/\/valrafting.com\/?s={search_term_string}"},"query-input":"required name=search_term_string"}],"inLanguage":"de"},{"@type":"WebPage","@id":"https:\/\/valrafting.com\/de\/buchung\/#webpage","url":"https:\/\/valrafting.com\/de\/buchung\/","name":"Wie buche ich? | Valrafting","isPartOf":{"@id":"https:\/\/valrafting.com\/#website"},"datePublished":"2018-03-20T06:49:05+00:00","dateModified":"2023-02-27T07:35:51+00:00","breadcrumb":{"@id":"https:\/\/valrafting.com\/de\/buchung\/#breadcrumb"},"inLanguage":"de","potentialAction":[{"@type":"ReadAction","target":["https:\/\/valrafting.com\/de\/buchung\/"]}]},{"@type":"BreadcrumbList","@id":"https:\/\/valrafting.com\/de\/buchung\/#breadcrumb","itemListElement":[{"@type":"ListItem","position":1,"name":"Accueil","item":"https:\/\/valrafting.com\/de\/"},{"@type":"ListItem","position":2,"name":"Wie buche ich?"}]}]}},"_links":{"self":[{"href":"https:\/\/valrafting.com\/de\/wp-json\/wp\/v2\/pages\/135"}],"collection":[{"href":"https:\/\/valrafting.com\/de\/wp-json\/wp\/v2\/pages"}],"about":[{"href":"https:\/\/valrafting.com\/de\/wp-json\/wp\/v2\/types\/page"}],"author":[{"embeddable":true,"href":"https:\/\/valrafting.com\/de\/wp-json\/wp\/v2\/users\/1"}],"replies":[{"embeddable":true,"href":"https:\/\/valrafting.com\/de\/wp-json\/wp\/v2\/comments?post=135"}],"version-history":[{"count":1,"href":"https:\/\/valrafting.com\/de\/wp-json\/wp\/v2\/pages\/135\/revisions"}],"predecessor-version":[{"id":4653,"href":"https:\/\/valrafting.com\/de\/wp-json\/wp\/v2\/pages\/135\/revisions\/4653"}],"wp:attachment":[{"href":"https:\/\/valrafting.com\/de\/wp-json\/wp\/v2\/media?parent=135"}],"curies":[{"name":"wp","href":"https:\/\/api.w.org\/{rel}","templated":true}]}}