{"id":422,"date":"2018-03-20T07:50:13","date_gmt":"2018-03-20T06:50:13","guid":{"rendered":"http:\/\/valrafting.com\/wp\/demande-de-devis\/"},"modified":"2019-06-04T09:02:49","modified_gmt":"2019-06-04T07:02:49","slug":"angebotsanfrage","status":"publish","type":"page","link":"https:\/\/valrafting.com\/de\/angebotsanfrage\/","title":{"rendered":"Angebotsanfrage"},"content":{"rendered":"<p>[vc_row content_width=&#8221;grid&#8221; el_class=&#8221;regularpadding&#8221;][vc_column width=&#8221;1\/6&#8243;][\/vc_column][vc_column width=&#8221;2\/3&#8243;]<div role=\"form\" class=\"wpcf7\" id=\"wpcf7-f3574-o1\" lang=\"fr-FR\" dir=\"ltr\">\n<div class=\"screen-reader-response\"><p role=\"status\" aria-live=\"polite\" aria-atomic=\"true\"><\/p> <ul><\/ul><\/div>\n<form action=\"\/de\/wp-json\/wp\/v2\/pages\/422#wpcf7-f3574-o1\" method=\"post\" class=\"wpcf7-form init cf7_custom_style_1\" novalidate=\"novalidate\" data-status=\"init\">\n<div style=\"display: none;\">\n<input type=\"hidden\" name=\"_wpcf7\" value=\"3574\" \/>\n<input type=\"hidden\" name=\"_wpcf7_version\" value=\"5.5.6\" \/>\n<input type=\"hidden\" name=\"_wpcf7_locale\" value=\"fr_FR\" \/>\n<input type=\"hidden\" name=\"_wpcf7_unit_tag\" value=\"wpcf7-f3574-o1\" \/>\n<input type=\"hidden\" name=\"_wpcf7_container_post\" value=\"0\" \/>\n<input type=\"hidden\" name=\"_wpcf7_posted_data_hash\" value=\"\" \/>\n<input type=\"hidden\" name=\"_wpcf7_recaptcha_response\" value=\"\" \/>\n<\/div>\n<p><span class=\"wpcf7-form-control-wrap your-name\"><input type=\"text\" name=\"your-name\" value=\"\" size=\"40\" class=\"wpcf7-form-control wpcf7-text wpcf7-validates-as-required\" aria-required=\"true\" aria-invalid=\"false\" placeholder=\"Name\" \/><\/span><br \/>\n<span class=\"wpcf7-form-control-wrap your-email\"><input type=\"email\" name=\"your-email\" value=\"\" size=\"40\" class=\"wpcf7-form-control wpcf7-text wpcf7-email wpcf7-validates-as-required wpcf7-validates-as-email\" aria-required=\"true\" aria-invalid=\"false\" placeholder=\"Email\" \/><\/span><br \/>\n<span class=\"wpcf7-form-control-wrap your-tel\"><input type=\"text\" name=\"your-tel\" value=\"\" size=\"40\" class=\"wpcf7-form-control wpcf7-text wpcf7-validates-as-required\" aria-required=\"true\" aria-invalid=\"false\" placeholder=\"Telefon\" \/><\/span><br \/>\n<span class=\"wpcf7-form-control-wrap your-subject\"><input type=\"text\" name=\"your-subject\" value=\"\" size=\"40\" class=\"wpcf7-form-control wpcf7-text wpcf7-validates-as-required\" aria-required=\"true\" aria-invalid=\"false\" placeholder=\"Aktivit\u00e4t\" \/><\/span><br \/>\n<span class=\"wpcf7-form-control-wrap your-number\"><input type=\"number\" name=\"your-number\" value=\"\" class=\"wpcf7-form-control wpcf7-number wpcf7-validates-as-required wpcf7-validates-as-number\" aria-required=\"true\" aria-invalid=\"false\" placeholder=\"Anzahl der Teilnehmer\" \/><\/span><br \/>\n<span class=\"wpcf7-form-control-wrap your-date\"><input type=\"date\" name=\"your-date\" value=\"\" class=\"wpcf7-form-control wpcf7-date wpcf7-validates-as-required wpcf7-validates-as-date\" aria-required=\"true\" aria-invalid=\"false\" placeholder=\"Datum\" \/><\/span><br \/>\n<span class=\"wpcf7-form-control-wrap your-time\"><input type=\"text\" name=\"your-time\" value=\"\" size=\"40\" class=\"wpcf7-form-control wpcf7-text wpcf7-validates-as-required\" aria-required=\"true\" aria-invalid=\"false\" placeholder=\"Zeit\" \/><\/span><br \/>\n<span class=\"wpcf7-form-control-wrap your-place\"><input type=\"text\" name=\"your-place\" value=\"\" size=\"40\" class=\"wpcf7-form-control wpcf7-text wpcf7-validates-as-required\" aria-required=\"true\" aria-invalid=\"false\" placeholder=\"Wahl des Ortes\" \/><\/span><br \/>\n<span class=\"wpcf7-form-control-wrap your-message\"><textarea name=\"your-message\" cols=\"40\" rows=\"10\" class=\"wpcf7-form-control wpcf7-textarea\" aria-invalid=\"false\" placeholder=\"Nachricht\"><\/textarea><\/span><\/p>\n\n<p><input type=\"submit\" value=\"Senden\" class=\"wpcf7-form-control has-spinner wpcf7-submit\" \/><\/p>\n<div class=\"wpcf7-response-output\" aria-hidden=\"true\"><\/div><\/form><\/div>[\/vc_column][vc_column width=&#8221;1\/6&#8243;][\/vc_column][\/vc_row][vc_row][vc_column]<div data-edgtf-parallax-speed=\"-0.5\" class=\"vc_row wpb_row vc_row-fluid edgtf-section bluebloc boncadeau nopaddingbottom edgtf-content-aligment-left edgtf-parallax-section-holder edgtf-parallax-section-holder-touch-disabled lazyload\" style=\"background-image:inherit; background-position: 50% 24px;\" data-bg-image=\"url(https:\/\/valrafting.com\/wp\/wp-content\/uploads\/blue-plx-bck-2.jpg)\"><div class=\"clearfix edgtf-full-section-inner\"><div class=\"leftpaddingbloc wpb_column vc_column_container vc_col-sm-6\"><div class=\"vc_column-inner vc_custom_1521566410202\"><div class=\"wpb_wrapper\">\n\t<div class=\"wpb_text_column wpb_content_element \">\n\t\t<div class=\"wpb_wrapper\">\n\t\t\t<h2>Geschenkgutscheine<\/h2>\n\n\t\t<\/div>\n\t<\/div>\n\n<span class=\"edgtf-section-subtitle \" style=\"text-align:left; color:#ffffff\">Machen Sie einen geliebten Menschen gl\u00fccklich und geben Sie ihm ein gutes Geschenk.<\/span><div class=\"vc_empty_space\" style=\"height: 24px\"><span class=\"vc_empty_space_inner\"><\/span><\/div>\n\n\t<div class=\"wpb_text_column wpb_content_element \">\n\t\t<div class=\"wpb_wrapper\">\n\t\t\t<p>Unsere Gutscheine sind ein Jahr nach Kaufdatum g\u00fcltig. Sie k\u00f6nnen Ihre Reservation per Telefon oder E-Mail t\u00e4tigen.<\/p>\n<p><a href=\"https:\/\/valrafting.com\/de\/geschenkgutschein\/\" target=\"_self\"><i class=\"fa fa-chevron-circle-right fa-lg\"><\/i> Gutschein kaufen<\/a><\/p>\n\n\t\t<\/div>\n\t<\/div>\n<\/div><\/div><\/div><div class=\"wpb_column vc_column_container vc_col-sm-6\"><div class=\"vc_column-inner \"><div class=\"wpb_wrapper\">\n\t<div class=\"wpb_single_image wpb_content_element vc_align_right\">\n\n\t\t<figure class=\"wpb_wrapper vc_figure\">\n\t\t\t<div class=\"vc_single_image-wrapper vc_box_border_grey\"><img data-src=\"https:\/\/valrafting.com\/wp\/wp-content\/uploads\/bon-cadeau.gif\" class=\"vc_single_image-img attachment-full lazyload\" alt=\"\" width=\"1212\" height=\"723\" src=\"data:image\/gif;base64,R0lGODlhAQABAAAAACH5BAEKAAEALAAAAAABAAEAAAICTAEAOw==\" style=\"--smush-placeholder-width: 1212px; --smush-placeholder-aspect-ratio: 1212\/723;\"><noscript><img src=\"https:\/\/valrafting.com\/wp\/wp-content\/uploads\/bon-cadeau.gif\" class=\"vc_single_image-img attachment-full\" alt=\"\" width=\"1212\" height=\"723\"><\/noscript><\/div>\n\t\t<\/figure>\n\t<\/div>\n<\/div><\/div><\/div><\/div><\/div>[\/vc_column][\/vc_row]<\/p>\n","protected":false},"excerpt":{"rendered":"<p>[vc_row content_width=&#8221;grid&#8221; el_class=&#8221;regularpadding&#8221;][vc_column width=&#8221;1\/6&#8243;][\/vc_column][vc_column width=&#8221;2\/3&#8243;][\/vc_column][vc_column width=&#8221;1\/6&#8243;][\/vc_column][\/vc_row][vc_row][vc_column][\/vc_column][\/vc_row]<\/p>\n","protected":false},"author":1,"featured_media":0,"parent":0,"menu_order":8,"comment_status":"closed","ping_status":"closed","template":"full-width.php","meta":{"_monsterinsights_skip_tracking":false,"_monsterinsights_sitenote_active":false,"_monsterinsights_sitenote_note":"","_monsterinsights_sitenote_category":0},"yoast_head":"<!-- This site is optimized with the Yoast SEO plugin v18.4.1 - https:\/\/yoast.com\/wordpress\/plugins\/seo\/ -->\n<title>Angebotsanfrage | Valrafting<\/title>\n<meta name=\"robots\" content=\"index, follow, max-snippet:-1, max-image-preview:large, max-video-preview:-1\" \/>\n<link rel=\"canonical\" href=\"https:\/\/valrafting.com\/de\/angebotsanfrage\/\" \/>\n<meta property=\"og:locale\" content=\"de_DE\" \/>\n<meta property=\"og:type\" content=\"article\" \/>\n<meta property=\"og:title\" content=\"Angebotsanfrage | Valrafting\" \/>\n<meta property=\"og:description\" content=\"[vc_row content_width=&#8221;grid&#8221; el_class=&#8221;regularpadding&#8221;][vc_column width=&#8221;1\/6&#8243;][\/vc_column][vc_column width=&#8221;2\/3&#8243;][\/vc_column][vc_column width=&#8221;1\/6&#8243;][\/vc_column][\/vc_row][vc_row][vc_column][\/vc_column][\/vc_row]\" \/>\n<meta property=\"og:url\" content=\"https:\/\/valrafting.com\/de\/angebotsanfrage\/\" \/>\n<meta property=\"og:site_name\" content=\"Valrafting\" \/>\n<meta property=\"article:publisher\" content=\"https:\/\/www.facebook.com\/Valrafting-129739627083911\/\" \/>\n<meta property=\"article:modified_time\" content=\"2019-06-04T07:02:49+00:00\" \/>\n<meta property=\"og:image\" content=\"https:\/\/valrafting.com\/wp\/wp-content\/uploads\/vr-logo.jpg\" \/>\n\t<meta property=\"og:image:width\" content=\"500\" \/>\n\t<meta property=\"og:image:height\" content=\"302\" \/>\n\t<meta property=\"og:image:type\" content=\"image\/jpeg\" \/>\n<meta name=\"twitter:card\" content=\"summary_large_image\" \/>\n<script type=\"application\/ld+json\" class=\"yoast-schema-graph\">{\"@context\":\"https:\/\/schema.org\",\"@graph\":[{\"@type\":\"Organization\",\"@id\":\"https:\/\/valrafting.com\/#organization\",\"name\":\"Valrafting\",\"url\":\"https:\/\/valrafting.com\/\",\"sameAs\":[\"https:\/\/www.facebook.com\/Valrafting-129739627083911\/\"],\"logo\":{\"@type\":\"ImageObject\",\"@id\":\"https:\/\/valrafting.com\/#logo\",\"inLanguage\":\"de\",\"url\":\"https:\/\/valrafting.com\/wp\/wp-content\/uploads\/vr-logo.jpg\",\"contentUrl\":\"https:\/\/valrafting.com\/wp\/wp-content\/uploads\/vr-logo.jpg\",\"width\":500,\"height\":302,\"caption\":\"Valrafting\"},\"image\":{\"@id\":\"https:\/\/valrafting.com\/#logo\"}},{\"@type\":\"WebSite\",\"@id\":\"https:\/\/valrafting.com\/#website\",\"url\":\"https:\/\/valrafting.com\/\",\"name\":\"Valrafting\",\"description\":\"Votre sp\u00e9cialiste en tourisme d\u2019aventures\",\"publisher\":{\"@id\":\"https:\/\/valrafting.com\/#organization\"},\"potentialAction\":[{\"@type\":\"SearchAction\",\"target\":{\"@type\":\"EntryPoint\",\"urlTemplate\":\"https:\/\/valrafting.com\/?s={search_term_string}\"},\"query-input\":\"required name=search_term_string\"}],\"inLanguage\":\"de\"},{\"@type\":\"WebPage\",\"@id\":\"https:\/\/valrafting.com\/de\/angebotsanfrage\/#webpage\",\"url\":\"https:\/\/valrafting.com\/de\/angebotsanfrage\/\",\"name\":\"Angebotsanfrage | Valrafting\",\"isPartOf\":{\"@id\":\"https:\/\/valrafting.com\/#website\"},\"datePublished\":\"2018-03-20T06:50:13+00:00\",\"dateModified\":\"2019-06-04T07:02:49+00:00\",\"breadcrumb\":{\"@id\":\"https:\/\/valrafting.com\/de\/angebotsanfrage\/#breadcrumb\"},\"inLanguage\":\"de\",\"potentialAction\":[{\"@type\":\"ReadAction\",\"target\":[\"https:\/\/valrafting.com\/de\/angebotsanfrage\/\"]}]},{\"@type\":\"BreadcrumbList\",\"@id\":\"https:\/\/valrafting.com\/de\/angebotsanfrage\/#breadcrumb\",\"itemListElement\":[{\"@type\":\"ListItem\",\"position\":1,\"name\":\"Accueil\",\"item\":\"https:\/\/valrafting.com\/de\/\"},{\"@type\":\"ListItem\",\"position\":2,\"name\":\"Angebotsanfrage\"}]}]}<\/script>\n<!-- \/ Yoast SEO plugin. -->","yoast_head_json":{"title":"Angebotsanfrage | Valrafting","robots":{"index":"index","follow":"follow","max-snippet":"max-snippet:-1","max-image-preview":"max-image-preview:large","max-video-preview":"max-video-preview:-1"},"canonical":"https:\/\/valrafting.com\/de\/angebotsanfrage\/","og_locale":"de_DE","og_type":"article","og_title":"Angebotsanfrage | Valrafting","og_description":"[vc_row content_width=&#8221;grid&#8221; el_class=&#8221;regularpadding&#8221;][vc_column width=&#8221;1\/6&#8243;][\/vc_column][vc_column width=&#8221;2\/3&#8243;][\/vc_column][vc_column width=&#8221;1\/6&#8243;][\/vc_column][\/vc_row][vc_row][vc_column][\/vc_column][\/vc_row]","og_url":"https:\/\/valrafting.com\/de\/angebotsanfrage\/","og_site_name":"Valrafting","article_publisher":"https:\/\/www.facebook.com\/Valrafting-129739627083911\/","article_modified_time":"2019-06-04T07:02:49+00:00","og_image":[{"width":500,"height":302,"url":"https:\/\/valrafting.com\/wp\/wp-content\/uploads\/vr-logo.jpg","type":"image\/jpeg"}],"twitter_card":"summary_large_image","schema":{"@context":"https:\/\/schema.org","@graph":[{"@type":"Organization","@id":"https:\/\/valrafting.com\/#organization","name":"Valrafting","url":"https:\/\/valrafting.com\/","sameAs":["https:\/\/www.facebook.com\/Valrafting-129739627083911\/"],"logo":{"@type":"ImageObject","@id":"https:\/\/valrafting.com\/#logo","inLanguage":"de","url":"https:\/\/valrafting.com\/wp\/wp-content\/uploads\/vr-logo.jpg","contentUrl":"https:\/\/valrafting.com\/wp\/wp-content\/uploads\/vr-logo.jpg","width":500,"height":302,"caption":"Valrafting"},"image":{"@id":"https:\/\/valrafting.com\/#logo"}},{"@type":"WebSite","@id":"https:\/\/valrafting.com\/#website","url":"https:\/\/valrafting.com\/","name":"Valrafting","description":"Votre sp\u00e9cialiste en tourisme d\u2019aventures","publisher":{"@id":"https:\/\/valrafting.com\/#organization"},"potentialAction":[{"@type":"SearchAction","target":{"@type":"EntryPoint","urlTemplate":"https:\/\/valrafting.com\/?s={search_term_string}"},"query-input":"required name=search_term_string"}],"inLanguage":"de"},{"@type":"WebPage","@id":"https:\/\/valrafting.com\/de\/angebotsanfrage\/#webpage","url":"https:\/\/valrafting.com\/de\/angebotsanfrage\/","name":"Angebotsanfrage | Valrafting","isPartOf":{"@id":"https:\/\/valrafting.com\/#website"},"datePublished":"2018-03-20T06:50:13+00:00","dateModified":"2019-06-04T07:02:49+00:00","breadcrumb":{"@id":"https:\/\/valrafting.com\/de\/angebotsanfrage\/#breadcrumb"},"inLanguage":"de","potentialAction":[{"@type":"ReadAction","target":["https:\/\/valrafting.com\/de\/angebotsanfrage\/"]}]},{"@type":"BreadcrumbList","@id":"https:\/\/valrafting.com\/de\/angebotsanfrage\/#breadcrumb","itemListElement":[{"@type":"ListItem","position":1,"name":"Accueil","item":"https:\/\/valrafting.com\/de\/"},{"@type":"ListItem","position":2,"name":"Angebotsanfrage"}]}]}},"_links":{"self":[{"href":"https:\/\/valrafting.com\/de\/wp-json\/wp\/v2\/pages\/422"}],"collection":[{"href":"https:\/\/valrafting.com\/de\/wp-json\/wp\/v2\/pages"}],"about":[{"href":"https:\/\/valrafting.com\/de\/wp-json\/wp\/v2\/types\/page"}],"author":[{"embeddable":true,"href":"https:\/\/valrafting.com\/de\/wp-json\/wp\/v2\/users\/1"}],"replies":[{"embeddable":true,"href":"https:\/\/valrafting.com\/de\/wp-json\/wp\/v2\/comments?post=422"}],"version-history":[{"count":0,"href":"https:\/\/valrafting.com\/de\/wp-json\/wp\/v2\/pages\/422\/revisions"}],"wp:attachment":[{"href":"https:\/\/valrafting.com\/de\/wp-json\/wp\/v2\/media?parent=422"}],"curies":[{"name":"wp","href":"https:\/\/api.w.org\/{rel}","templated":true}]}}